{"id":32,"date":"2024-05-01T19:19:14","date_gmt":"2024-05-01T19:19:14","guid":{"rendered":"https:\/\/demosites.royal-elementor-addons.com\/nail-salon-v1\/?page_id=32"},"modified":"2026-03-08T19:54:22","modified_gmt":"2026-03-08T19:54:22","slug":"novedades","status":"publish","type":"page","link":"https:\/\/clinicaecya.cl\/index.php\/novedades\/","title":{"rendered":"Novedades"},"content":{"rendered":"\t\t<div data-elementor-type=\"wp-page\" data-elementor-id=\"32\" class=\"elementor elementor-32\">\n\t\t\t\t<div class=\"elementor-element elementor-element-e91e597 e-flex e-con-boxed wpr-particle-no wpr-jarallax-no wpr-parallax-no wpr-sticky-section-no e-con e-parent\" data-id=\"e91e597\" data-element_type=\"container\" data-settings=\"{&quot;background_background&quot;:&quot;classic&quot;}\">\n\t\t\t\t\t<div class=\"e-con-inner\">\n\t\t<div class=\"elementor-element elementor-element-fd9f965 e-flex e-con-boxed wpr-particle-no wpr-jarallax-no wpr-parallax-no wpr-sticky-section-no e-con e-child\" data-id=\"fd9f965\" data-element_type=\"container\">\n\t\t\t\t\t<div class=\"e-con-inner\">\n\t\t\t\t<div class=\"elementor-element elementor-element-839f512 elementor-widget__width-initial elementor-widget elementor-widget-heading\" data-id=\"839f512\" data-element_type=\"widget\" data-widget_type=\"heading.default\">\n\t\t\t\t\t<h2 class=\"elementor-heading-title elementor-size-default\">Novedades<\/h2>\t\t\t\t<\/div>\n\t\t\t\t\t<\/div>\n\t\t\t\t<\/div>\n\t\t\t\t\t<\/div>\n\t\t\t\t<\/div>\n\t\t<div class=\"elementor-element elementor-element-c925536 e-flex e-con-boxed wpr-particle-no wpr-jarallax-no wpr-parallax-no wpr-sticky-section-no elementor-invisible e-con e-parent\" data-id=\"c925536\" data-element_type=\"container\" data-settings=\"{&quot;animation&quot;:&quot;fadeIn&quot;}\">\n\t\t\t\t\t<div class=\"e-con-inner\">\n\t\t<div class=\"elementor-element elementor-element-39a1e52 e-flex e-con-boxed wpr-particle-no wpr-jarallax-no wpr-parallax-no wpr-sticky-section-no e-con e-child\" data-id=\"39a1e52\" data-element_type=\"container\">\n\t\t\t\t\t<div class=\"e-con-inner\">\n\t\t\t\t<div class=\"elementor-element elementor-element-7dac5f1 elementor-widget elementor-widget-heading\" data-id=\"7dac5f1\" data-element_type=\"widget\" data-widget_type=\"heading.default\">\n\t\t\t\t\t<h2 class=\"elementor-heading-title elementor-size-default\">Prensa y actualidad <\/h2>\t\t\t\t<\/div>\n\t\t\t\t<div class=\"elementor-element elementor-element-2938bcd elementor-widget elementor-widget-heading\" data-id=\"2938bcd\" data-element_type=\"widget\" data-widget_type=\"heading.default\">\n\t\t\t\t\t<h2 class=\"elementor-heading-title elementor-size-default\">Conoce novedades y tratamientos en tendencia<\/h2>\t\t\t\t<\/div>\n\t\t\t\t<div class=\"elementor-element elementor-element-affe0bf elementor-widget elementor-widget-text-editor\" data-id=\"affe0bf\" data-element_type=\"widget\" data-widget_type=\"text-editor.default\">\n\t\t\t\t\t\t\t\t\t<p>Tratamientos en tendencia que cambian la vida de los pacientes que rejuvenecen, definen y realzan la belleza natural, combinando tecnolog\u00eda avanzada con resultados seguros y efectivos.<\/p>\t\t\t\t\t\t\t\t<\/div>\n\t\t<div class=\"elementor-element elementor-element-eb1e109 e-con-full e-flex wpr-particle-no wpr-jarallax-no wpr-parallax-no wpr-sticky-section-no e-con e-child\" data-id=\"eb1e109\" data-element_type=\"container\">\n\t\t\t\t<\/div>\n\t\t<div class=\"elementor-element elementor-element-9eba7ac e-con-full e-flex wpr-particle-no wpr-jarallax-no wpr-parallax-no wpr-sticky-section-no e-con e-child\" data-id=\"9eba7ac\" data-element_type=\"container\">\n\t\t<div class=\"elementor-element elementor-element-d872f22 e-grid e-con-full wpr-particle-no wpr-jarallax-no wpr-parallax-no wpr-sticky-section-no e-con e-child\" data-id=\"d872f22\" data-element_type=\"container\">\n\t\t\t\t<div class=\"elementor-element elementor-element-4061db9 elementor-position-top elementor-invisible elementor-widget elementor-widget-image-box\" data-id=\"4061db9\" data-element_type=\"widget\" data-settings=\"{&quot;_animation&quot;:&quot;fadeInLeft&quot;}\" data-widget_type=\"image-box.default\">\n\t\t\t\t\t<div class=\"elementor-image-box-wrapper\"><figure class=\"elementor-image-box-img\"><a href=\"https:\/\/clinicaecya.cl\/index.php\/novedades\/autocuidado\/\" tabindex=\"-1\"><img fetchpriority=\"high\" decoding=\"async\" width=\"800\" height=\"500\" src=\"https:\/\/clinicaecya.cl\/wp-content\/uploads\/2026\/03\/8M_ElMercurio.jpg\" class=\"attachment-full size-full wp-image-2191\" alt=\"\" srcset=\"https:\/\/clinicaecya.cl\/wp-content\/uploads\/2026\/03\/8M_ElMercurio.jpg 800w, https:\/\/clinicaecya.cl\/wp-content\/uploads\/2026\/03\/8M_ElMercurio-300x188.jpg 300w, https:\/\/clinicaecya.cl\/wp-content\/uploads\/2026\/03\/8M_ElMercurio-768x480.jpg 768w\" sizes=\"(max-width: 800px) 100vw, 800px\" \/><\/a><\/figure><div class=\"elementor-image-box-content\"><h3 class=\"elementor-image-box-title\"><a href=\"https:\/\/clinicaecya.cl\/index.php\/novedades\/autocuidado\/\">Autocuidado<\/a><\/h3><p class=\"elementor-image-box-description\">Lee la nota de El Mercurio por la conmemoraci\u00f3n del 8M en Chile.\nComo el  autocuidado de las mujeres pueden entenderse como una forma de respuesta frente a las hist\u00f3ricas cargas de trabajo y cuidado que han reca\u00eddo sobre ellas.\n<\/p><\/div><\/div>\t\t\t\t<\/div>\n\t\t\t\t<div class=\"elementor-element elementor-element-81c6f48 elementor-position-top elementor-invisible elementor-widget elementor-widget-image-box\" data-id=\"81c6f48\" data-element_type=\"widget\" data-settings=\"{&quot;_animation&quot;:&quot;fadeInLeft&quot;}\" data-widget_type=\"image-box.default\">\n\t\t\t\t\t<div class=\"elementor-image-box-wrapper\"><figure class=\"elementor-image-box-img\"><a href=\"https:\/\/clinicaecya.cl\/index.php\/novedades\/hiperhidrosis\/\" tabindex=\"-1\"><img decoding=\"async\" width=\"2560\" height=\"1707\" src=\"https:\/\/clinicaecya.cl\/wp-content\/uploads\/2025\/11\/Sudor-scaled.jpg\" class=\"attachment-full size-full wp-image-2117\" alt=\"\" srcset=\"https:\/\/clinicaecya.cl\/wp-content\/uploads\/2025\/11\/Sudor-scaled.jpg 2560w, https:\/\/clinicaecya.cl\/wp-content\/uploads\/2025\/11\/Sudor-300x200.jpg 300w, https:\/\/clinicaecya.cl\/wp-content\/uploads\/2025\/11\/Sudor-1024x683.jpg 1024w, https:\/\/clinicaecya.cl\/wp-content\/uploads\/2025\/11\/Sudor-768x512.jpg 768w, https:\/\/clinicaecya.cl\/wp-content\/uploads\/2025\/11\/Sudor-1536x1024.jpg 1536w, https:\/\/clinicaecya.cl\/wp-content\/uploads\/2025\/11\/Sudor-2048x1365.jpg 2048w\" sizes=\"(max-width: 2560px) 100vw, 2560px\" \/><\/a><\/figure><div class=\"elementor-image-box-content\"><h3 class=\"elementor-image-box-title\"><a href=\"https:\/\/clinicaecya.cl\/index.php\/novedades\/hiperhidrosis\/\">Hiperhidrosis<\/a><\/h3><p class=\"elementor-image-box-description\">La hiperhidrosis es una condici\u00f3n que provoca sudoraci\u00f3n excesiva en manos, axilas o rostro. Afecta la vida diaria, pero existen tratamientos seguros y efectivos para controlarla.\n<\/p><\/div><\/div>\t\t\t\t<\/div>\n\t\t\t\t<div class=\"elementor-element elementor-element-96e12e5 elementor-position-top elementor-invisible elementor-widget elementor-widget-image-box\" data-id=\"96e12e5\" data-element_type=\"widget\" data-settings=\"{&quot;_animation&quot;:&quot;fadeInUp&quot;}\" data-widget_type=\"image-box.default\">\n\t\t\t\t\t<div class=\"elementor-image-box-wrapper\"><figure class=\"elementor-image-box-img\"><a href=\"https:\/\/clinicaecya.cl\/index.php\/novedades\/tratamientos_de_verano\/\" tabindex=\"-1\"><img decoding=\"async\" width=\"2560\" height=\"1707\" src=\"https:\/\/clinicaecya.cl\/wp-content\/uploads\/2025\/11\/verano-scaled.jpg\" class=\"attachment-full size-full wp-image-2122\" alt=\"\" srcset=\"https:\/\/clinicaecya.cl\/wp-content\/uploads\/2025\/11\/verano-scaled.jpg 2560w, https:\/\/clinicaecya.cl\/wp-content\/uploads\/2025\/11\/verano-300x200.jpg 300w, https:\/\/clinicaecya.cl\/wp-content\/uploads\/2025\/11\/verano-1024x683.jpg 1024w, https:\/\/clinicaecya.cl\/wp-content\/uploads\/2025\/11\/verano-768x512.jpg 768w, https:\/\/clinicaecya.cl\/wp-content\/uploads\/2025\/11\/verano-1536x1024.jpg 1536w, https:\/\/clinicaecya.cl\/wp-content\/uploads\/2025\/11\/verano-2048x1365.jpg 2048w\" sizes=\"(max-width: 2560px) 100vw, 2560px\" \/><\/a><\/figure><div class=\"elementor-image-box-content\"><h3 class=\"elementor-image-box-title\"><a href=\"https:\/\/clinicaecya.cl\/index.php\/novedades\/tratamientos_de_verano\/\">Tratamientos de verano<\/a><\/h3><p class=\"elementor-image-box-description\">Se pueden realizar tratamientos seguros como hidrataci\u00f3n facial, mesoterapia, ondas rusas y lipoenzim\u00e1tica, entre otros, ideales para mantener la piel fresca y el cuerpo tonificado.<\/p><\/div><\/div>\t\t\t\t<\/div>\n\t\t\t\t<div class=\"elementor-element elementor-element-7dec60b elementor-position-top elementor-invisible elementor-widget elementor-widget-image-box\" data-id=\"7dec60b\" data-element_type=\"widget\" data-settings=\"{&quot;_animation&quot;:&quot;fadeInRight&quot;}\" data-widget_type=\"image-box.default\">\n\t\t\t\t\t<div class=\"elementor-image-box-wrapper\"><figure class=\"elementor-image-box-img\"><a href=\"https:\/\/clinicaecya.cl\/index.php\/novedades\/lentesled\/\" tabindex=\"-1\"><img loading=\"lazy\" decoding=\"async\" width=\"800\" height=\"500\" src=\"https:\/\/clinicaecya.cl\/wp-content\/uploads\/2025\/12\/Ojos_ojeras.jpg\" class=\"attachment-full size-full wp-image-2170\" alt=\"\" srcset=\"https:\/\/clinicaecya.cl\/wp-content\/uploads\/2025\/12\/Ojos_ojeras.jpg 800w, https:\/\/clinicaecya.cl\/wp-content\/uploads\/2025\/12\/Ojos_ojeras-300x188.jpg 300w, https:\/\/clinicaecya.cl\/wp-content\/uploads\/2025\/12\/Ojos_ojeras-768x480.jpg 768w\" sizes=\"(max-width: 800px) 100vw, 800px\" \/><\/a><\/figure><div class=\"elementor-image-box-content\"><h3 class=\"elementor-image-box-title\"><a href=\"https:\/\/clinicaecya.cl\/index.php\/novedades\/lentesled\/\">Ojeras y patas de gallo<\/a><\/h3><p class=\"elementor-image-box-description\">Los lentes LED ayudan a atenuar ojeras y patas de gallo estimulando la piel con luz suave, mejorando textura, luminosidad y aspecto descansado desde la primera sesi\u00f3n hoy!<\/p><\/div><\/div>\t\t\t\t<\/div>\n\t\t\t\t<div class=\"elementor-element elementor-element-19a6359 elementor-position-top elementor-invisible elementor-widget elementor-widget-image-box\" data-id=\"19a6359\" data-element_type=\"widget\" data-settings=\"{&quot;_animation&quot;:&quot;fadeInLeft&quot;}\" data-widget_type=\"image-box.default\">\n\t\t\t\t\t<div class=\"elementor-image-box-wrapper\"><figure class=\"elementor-image-box-img\"><a href=\"https:\/\/clinicaecya.cl\/index.php\/novedades\/rosacea\/\" tabindex=\"-1\"><img loading=\"lazy\" decoding=\"async\" width=\"800\" height=\"500\" src=\"https:\/\/clinicaecya.cl\/wp-content\/uploads\/2025\/09\/Post_Rosacea.png\" class=\"attachment-full size-full wp-image-1829\" alt=\"\" srcset=\"https:\/\/clinicaecya.cl\/wp-content\/uploads\/2025\/09\/Post_Rosacea.png 800w, https:\/\/clinicaecya.cl\/wp-content\/uploads\/2025\/09\/Post_Rosacea-300x188.png 300w, https:\/\/clinicaecya.cl\/wp-content\/uploads\/2025\/09\/Post_Rosacea-768x480.png 768w\" sizes=\"(max-width: 800px) 100vw, 800px\" \/><\/a><\/figure><div class=\"elementor-image-box-content\"><h3 class=\"elementor-image-box-title\"><a href=\"https:\/\/clinicaecya.cl\/index.php\/novedades\/rosacea\/\">Rosacea<\/a><\/h3><p class=\"elementor-image-box-description\">Compartimos con ustedes este art\u00edculo c\u00f3mo la tecnolog\u00eda Harmony XL Pro ofrece soluciones innovadoras, seguras y efectivas para pacientes con ros\u00e1cea, mejorando su piel y calidad de vida.\n<\/p><\/div><\/div>\t\t\t\t<\/div>\n\t\t\t\t<div class=\"elementor-element elementor-element-7bf1f5c elementor-position-top elementor-invisible elementor-widget elementor-widget-image-box\" data-id=\"7bf1f5c\" data-element_type=\"widget\" data-settings=\"{&quot;_animation&quot;:&quot;fadeInDown&quot;}\" data-widget_type=\"image-box.default\">\n\t\t\t\t\t<div class=\"elementor-image-box-wrapper\"><figure class=\"elementor-image-box-img\"><a href=\"https:\/\/clinicaecya.cl\/index.php\/novedades\/crecimiento_de_cejas\/\" tabindex=\"-1\"><img loading=\"lazy\" decoding=\"async\" width=\"800\" height=\"500\" src=\"https:\/\/clinicaecya.cl\/wp-content\/uploads\/2025\/09\/Post_Cejas.png\" class=\"attachment-full size-full wp-image-1834\" alt=\"\" srcset=\"https:\/\/clinicaecya.cl\/wp-content\/uploads\/2025\/09\/Post_Cejas.png 800w, https:\/\/clinicaecya.cl\/wp-content\/uploads\/2025\/09\/Post_Cejas-300x188.png 300w, https:\/\/clinicaecya.cl\/wp-content\/uploads\/2025\/09\/Post_Cejas-768x480.png 768w\" sizes=\"(max-width: 800px) 100vw, 800px\" \/><\/a><\/figure><div class=\"elementor-image-box-content\"><h3 class=\"elementor-image-box-title\"><a href=\"https:\/\/clinicaecya.cl\/index.php\/novedades\/crecimiento_de_cejas\/\">Crecimiento de cejas<\/a><\/h3><p class=\"elementor-image-box-description\">La tendencia hacia cejas m\u00e1s gruesas y naturales se ha asociado con un look m\u00e1s juvenil y saludable. En este articulo la doctora Marcela Cerda te cuenta algunos consejos para lograrlo.<\/p><\/div><\/div>\t\t\t\t<\/div>\n\t\t\t\t<div class=\"elementor-element elementor-element-e71f359 elementor-position-top elementor-invisible elementor-widget elementor-widget-image-box\" data-id=\"e71f359\" data-element_type=\"widget\" data-settings=\"{&quot;_animation&quot;:&quot;fadeInRight&quot;}\" data-widget_type=\"image-box.default\">\n\t\t\t\t\t<div class=\"elementor-image-box-wrapper\"><figure class=\"elementor-image-box-img\"><a href=\"https:\/\/clinicaecya.cl\/index.php\/novedades\/tatuajes\/\" tabindex=\"-1\"><img loading=\"lazy\" decoding=\"async\" width=\"800\" height=\"500\" src=\"https:\/\/clinicaecya.cl\/wp-content\/uploads\/2025\/09\/Post_Tatuajes.png\" class=\"attachment-full size-full wp-image-1838\" alt=\"\" srcset=\"https:\/\/clinicaecya.cl\/wp-content\/uploads\/2025\/09\/Post_Tatuajes.png 800w, https:\/\/clinicaecya.cl\/wp-content\/uploads\/2025\/09\/Post_Tatuajes-300x188.png 300w, https:\/\/clinicaecya.cl\/wp-content\/uploads\/2025\/09\/Post_Tatuajes-768x480.png 768w\" sizes=\"(max-width: 800px) 100vw, 800px\" \/><\/a><\/figure><div class=\"elementor-image-box-content\"><h3 class=\"elementor-image-box-title\"><a href=\"https:\/\/clinicaecya.cl\/index.php\/novedades\/tatuajes\/\">Eliminaci\u00f3n de tatuajes<\/a><\/h3><p class=\"elementor-image-box-description\">Con Harmony XL Pro los eliminamos de forma progresiva, segura y efectiva. El l\u00e1ser fragmenta los pigmentos sin da\u00f1ar la piel, logrando resultados visibles y una recuperaci\u00f3n r\u00e1pida.<\/p><\/div><\/div>\t\t\t\t<\/div>\n\t\t\t\t<div class=\"elementor-element elementor-element-2e23242 elementor-position-top elementor-invisible elementor-widget elementor-widget-image-box\" data-id=\"2e23242\" data-element_type=\"widget\" data-settings=\"{&quot;_animation&quot;:&quot;fadeInLeft&quot;}\" data-widget_type=\"image-box.default\">\n\t\t\t\t\t<div class=\"elementor-image-box-wrapper\"><figure class=\"elementor-image-box-img\"><a href=\"https:\/\/clinicaecya.cl\/index.php\/novedades\/octubrerosa\/\" tabindex=\"-1\"><img loading=\"lazy\" decoding=\"async\" width=\"800\" height=\"500\" src=\"https:\/\/clinicaecya.cl\/wp-content\/uploads\/2025\/10\/Post_Lazo_Rosa.jpg\" class=\"attachment-full size-full wp-image-1939\" alt=\"\" srcset=\"https:\/\/clinicaecya.cl\/wp-content\/uploads\/2025\/10\/Post_Lazo_Rosa.jpg 800w, https:\/\/clinicaecya.cl\/wp-content\/uploads\/2025\/10\/Post_Lazo_Rosa-300x188.jpg 300w, https:\/\/clinicaecya.cl\/wp-content\/uploads\/2025\/10\/Post_Lazo_Rosa-768x480.jpg 768w\" sizes=\"(max-width: 800px) 100vw, 800px\" \/><\/a><\/figure><div class=\"elementor-image-box-content\"><h3 class=\"elementor-image-box-title\"><a href=\"https:\/\/clinicaecya.cl\/index.php\/novedades\/octubrerosa\/\">Octubre Rosa<\/a><\/h3><p class=\"elementor-image-box-description\">En Cl\u00ednica Ecya nos sumamos a Octubre Rosa, promoviendo la prevenci\u00f3n y detecci\u00f3n temprana del c\u00e1ncer de mama. Cuidar tu salud es el primer paso hacia una vida plena.<\/p><\/div><\/div>\t\t\t\t<\/div>\n\t\t\t\t<div class=\"elementor-element elementor-element-b33842a elementor-position-top elementor-invisible elementor-widget elementor-widget-image-box\" data-id=\"b33842a\" data-element_type=\"widget\" data-settings=\"{&quot;_animation&quot;:&quot;fadeInUp&quot;}\" data-widget_type=\"image-box.default\">\n\t\t\t\t\t<div class=\"elementor-image-box-wrapper\"><figure class=\"elementor-image-box-img\"><a href=\"https:\/\/clinicaecya.cl\/index.php\/novedades\/tratamiento_capilar\/\" tabindex=\"-1\"><img loading=\"lazy\" decoding=\"async\" width=\"800\" height=\"500\" src=\"https:\/\/clinicaecya.cl\/wp-content\/uploads\/2025\/09\/Post-9.jpg\" class=\"attachment-full size-full wp-image-1226\" alt=\"\" srcset=\"https:\/\/clinicaecya.cl\/wp-content\/uploads\/2025\/09\/Post-9.jpg 800w, https:\/\/clinicaecya.cl\/wp-content\/uploads\/2025\/09\/Post-9-300x188.jpg 300w, https:\/\/clinicaecya.cl\/wp-content\/uploads\/2025\/09\/Post-9-768x480.jpg 768w\" sizes=\"(max-width: 800px) 100vw, 800px\" \/><\/a><\/figure><div class=\"elementor-image-box-content\"><h3 class=\"elementor-image-box-title\"><a href=\"https:\/\/clinicaecya.cl\/index.php\/novedades\/tratamiento_capilar\/\">Crecimiento capilar con l\u00e1ser<\/a><\/h3><p class=\"elementor-image-box-description\">Los tratamientos l\u00e1ser para el crecimiento capilar estimulan los fol\u00edculos pilosos, mejoran la microcirculaci\u00f3n y fortalecen el cabello desde la ra\u00edz. <\/p><\/div><\/div>\t\t\t\t<\/div>\n\t\t\t\t<div class=\"elementor-element elementor-element-c24cb61 elementor-position-top elementor-invisible elementor-widget elementor-widget-image-box\" data-id=\"c24cb61\" data-element_type=\"widget\" data-settings=\"{&quot;_animation&quot;:&quot;fadeInRight&quot;}\" data-widget_type=\"image-box.default\">\n\t\t\t\t\t<div class=\"elementor-image-box-wrapper\"><figure class=\"elementor-image-box-img\"><a href=\"https:\/\/clinicaecya.cl\/index.php\/novedades\/limpiezafacial\/\" tabindex=\"-1\"><img loading=\"lazy\" decoding=\"async\" width=\"800\" height=\"500\" src=\"https:\/\/clinicaecya.cl\/wp-content\/uploads\/2025\/10\/Carbon_Peel-.jpg\" class=\"attachment-full size-full wp-image-2062\" alt=\"\" srcset=\"https:\/\/clinicaecya.cl\/wp-content\/uploads\/2025\/10\/Carbon_Peel-.jpg 800w, https:\/\/clinicaecya.cl\/wp-content\/uploads\/2025\/10\/Carbon_Peel--300x188.jpg 300w, https:\/\/clinicaecya.cl\/wp-content\/uploads\/2025\/10\/Carbon_Peel--768x480.jpg 768w\" sizes=\"(max-width: 800px) 100vw, 800px\" \/><\/a><\/figure><div class=\"elementor-image-box-content\"><h3 class=\"elementor-image-box-title\"><a href=\"https:\/\/clinicaecya.cl\/index.php\/novedades\/limpiezafacial\/\">Limpieza facial<\/a><\/h3><p class=\"elementor-image-box-description\">\u00bfNo sabes cual es la mejor limpieza facial para tu piel? Ac\u00e1 te contamos en que consiste cada una y cual es la alternativa correcta para cada tipo de piel .<\/p><\/div><\/div>\t\t\t\t<\/div>\n\t\t\t\t<\/div>\n\t\t\t\t<\/div>\n\t\t\t\t\t<\/div>\n\t\t\t\t<\/div>\n\t\t\t\t\t<\/div>\n\t\t\t\t<\/div>\n\t\t\t\t<\/div>\n\t\t","protected":false},"excerpt":{"rendered":"<p>Novedades Prensa y actualidad Conoce novedades y tratamientos en tendencia Tratamientos en tendencia que cambian la vida de los pacientes que rejuvenecen, definen y realzan la belleza natural, combinando tecnolog\u00eda avanzada con resultados seguros y efectivos. Autocuidado Lee la nota de El Mercurio por la conmemoraci\u00f3n del 8M en Chile. Como el autocuidado de las mujeres pueden entenderse como una forma de respuesta frente a las hist\u00f3ricas cargas de trabajo y cuidado que han reca\u00eddo sobre ellas. Hiperhidrosis La hiperhidrosis es una condici\u00f3n que provoca sudoraci\u00f3n excesiva en manos, axilas o rostro. Afecta la vida diaria, pero existen tratamientos seguros y efectivos para controlarla. Tratamientos de verano Se pueden realizar tratamientos seguros como hidrataci\u00f3n facial, mesoterapia, ondas rusas y lipoenzim\u00e1tica, entre otros, ideales para mantener la piel fresca y el cuerpo tonificado. Ojeras y patas de gallo Los lentes LED ayudan a atenuar ojeras y patas de gallo estimulando la piel con luz suave, mejorando textura, luminosidad y aspecto descansado desde la primera sesi\u00f3n hoy! Rosacea Compartimos con ustedes este art\u00edculo c\u00f3mo la tecnolog\u00eda Harmony XL Pro ofrece soluciones innovadoras, seguras y efectivas para pacientes con ros\u00e1cea, mejorando su piel y calidad de vida. Crecimiento de cejas La tendencia hacia cejas m\u00e1s gruesas y naturales se ha asociado con un look m\u00e1s juvenil y saludable. En este articulo la doctora Marcela Cerda te cuenta algunos consejos para lograrlo. Eliminaci\u00f3n de tatuajes Con Harmony XL Pro los eliminamos de forma progresiva, segura y efectiva. El l\u00e1ser fragmenta los pigmentos sin da\u00f1ar la piel, logrando resultados visibles y una recuperaci\u00f3n r\u00e1pida. Octubre Rosa En Cl\u00ednica Ecya nos sumamos a Octubre Rosa, promoviendo la prevenci\u00f3n y detecci\u00f3n temprana del c\u00e1ncer de mama. Cuidar tu salud es el primer paso hacia una vida plena. Crecimiento capilar con l\u00e1ser Los tratamientos l\u00e1ser para el crecimiento capilar estimulan los fol\u00edculos pilosos, mejoran la microcirculaci\u00f3n y fortalecen el cabello desde la ra\u00edz. Limpieza facial \u00bfNo sabes cual es la mejor limpieza facial para tu piel? Ac\u00e1 te contamos en que consiste cada una y cual es la alternativa correcta para cada tipo de piel .<\/p>\n","protected":false},"author":1,"featured_media":0,"parent":0,"menu_order":0,"comment_status":"closed","ping_status":"closed","template":"elementor_canvas","meta":{"footnotes":""},"class_list":["post-32","page","type-page","status-publish","hentry"],"_links":{"self":[{"href":"https:\/\/clinicaecya.cl\/index.php\/wp-json\/wp\/v2\/pages\/32","targetHints":{"allow":["GET"]}}],"collection":[{"href":"https:\/\/clinicaecya.cl\/index.php\/wp-json\/wp\/v2\/pages"}],"about":[{"href":"https:\/\/clinicaecya.cl\/index.php\/wp-json\/wp\/v2\/types\/page"}],"author":[{"embeddable":true,"href":"https:\/\/clinicaecya.cl\/index.php\/wp-json\/wp\/v2\/users\/1"}],"replies":[{"embeddable":true,"href":"https:\/\/clinicaecya.cl\/index.php\/wp-json\/wp\/v2\/comments?post=32"}],"version-history":[{"count":97,"href":"https:\/\/clinicaecya.cl\/index.php\/wp-json\/wp\/v2\/pages\/32\/revisions"}],"predecessor-version":[{"id":2197,"href":"https:\/\/clinicaecya.cl\/index.php\/wp-json\/wp\/v2\/pages\/32\/revisions\/2197"}],"wp:attachment":[{"href":"https:\/\/clinicaecya.cl\/index.php\/wp-json\/wp\/v2\/media?parent=32"}],"curies":[{"name":"wp","href":"https:\/\/api.w.org\/{rel}","templated":true}]}}