{"id":2175,"date":"2025-12-23T15:49:37","date_gmt":"2025-12-23T15:49:37","guid":{"rendered":"https:\/\/clinicaecya.cl\/?page_id=2175"},"modified":"2025-12-23T15:52:39","modified_gmt":"2025-12-23T15:52:39","slug":"lentesled","status":"publish","type":"page","link":"https:\/\/clinicaecya.cl\/index.php\/novedades\/lentesled\/","title":{"rendered":"LentesLED"},"content":{"rendered":"\t\t<div data-elementor-type=\"wp-page\" data-elementor-id=\"2175\" class=\"elementor elementor-2175\">\n\t\t\t\t<div class=\"elementor-element elementor-element-a69e836 e-flex e-con-boxed wpr-particle-no wpr-jarallax-no wpr-parallax-no wpr-sticky-section-no e-con e-parent\" data-id=\"a69e836\" data-element_type=\"container\" data-settings=\"{&quot;background_background&quot;:&quot;classic&quot;}\">\n\t\t\t\t\t<div class=\"e-con-inner\">\n\t\t<div class=\"elementor-element elementor-element-9e15684 e-flex e-con-boxed wpr-particle-no wpr-jarallax-no wpr-parallax-no wpr-sticky-section-no e-con e-child\" data-id=\"9e15684\" data-element_type=\"container\">\n\t\t\t\t\t<div class=\"e-con-inner\">\n\t\t\t\t<div class=\"elementor-element elementor-element-7605fa9 elementor-widget__width-initial elementor-widget elementor-widget-heading\" data-id=\"7605fa9\" data-element_type=\"widget\" data-widget_type=\"heading.default\">\n\t\t\t\t\t<h2 class=\"elementor-heading-title elementor-size-default\">Lentes con luces led aten\u00faan las ojeras y patas de gallo<\/h2>\t\t\t\t<\/div>\n\t\t\t\t\t<\/div>\n\t\t\t\t<\/div>\n\t\t\t\t\t<\/div>\n\t\t\t\t<\/div>\n\t\t<div class=\"elementor-element elementor-element-fb8bda9 e-flex e-con-boxed wpr-particle-no wpr-jarallax-no wpr-parallax-no wpr-sticky-section-no elementor-invisible e-con e-parent\" data-id=\"fb8bda9\" data-element_type=\"container\" data-settings=\"{&quot;animation&quot;:&quot;zoomIn&quot;}\">\n\t\t\t\t\t<div class=\"e-con-inner\">\n\t\t\t\t<div class=\"elementor-element elementor-element-745b513 elementor-widget elementor-widget-heading\" data-id=\"745b513\" data-element_type=\"widget\" data-widget_type=\"heading.default\">\n\t\t\t\t\t<h2 class=\"elementor-heading-title elementor-size-default\">M\u00e9dicos eval\u00faan efectividad de estos tratamientos<\/h2>\t\t\t\t<\/div>\n\t\t\t\t<div class=\"elementor-element elementor-element-d2fa2cb elementor-widget elementor-widget-text-editor\" data-id=\"d2fa2cb\" data-element_type=\"widget\" data-widget_type=\"text-editor.default\">\n\t\t\t\t\t\t\t\t\t<p class=\"p1\">Los lentes LED ayudan a atenuar ojeras y patas de gallo estimulando la piel con luz suave, mejorando textura, luminosidad y aspecto descansado desde la primera sesi\u00f3n hoy!<\/p>\t\t\t\t\t\t\t\t<\/div>\n\t\t\t\t\t<\/div>\n\t\t\t\t<\/div>\n\t\t<div class=\"elementor-element elementor-element-01610bc e-flex e-con-boxed wpr-particle-no wpr-jarallax-no wpr-parallax-no wpr-sticky-section-no e-con e-parent\" data-id=\"01610bc\" data-element_type=\"container\">\n\t\t\t\t\t<div class=\"e-con-inner\">\n\t\t\t\t<div class=\"elementor-element elementor-element-653f3e5 elementor-invisible elementor-widget elementor-widget-image\" data-id=\"653f3e5\" data-element_type=\"widget\" data-settings=\"{&quot;_animation&quot;:&quot;fadeInUp&quot;}\" data-widget_type=\"image.default\">\n\t\t\t\t\t\t\t\t\t\t\t\t\t\t\t<img fetchpriority=\"high\" decoding=\"async\" width=\"2015\" height=\"2560\" src=\"https:\/\/clinicaecya.cl\/wp-content\/uploads\/2025\/12\/Las-U\u0301ltimas-Noticias-dic-scaled.jpg\" class=\"attachment-full size-full wp-image-2177\" alt=\"\" srcset=\"https:\/\/clinicaecya.cl\/wp-content\/uploads\/2025\/12\/Las-U\u0301ltimas-Noticias-dic-scaled.jpg 2015w, https:\/\/clinicaecya.cl\/wp-content\/uploads\/2025\/12\/Las-U\u0301ltimas-Noticias-dic-236x300.jpg 236w, https:\/\/clinicaecya.cl\/wp-content\/uploads\/2025\/12\/Las-U\u0301ltimas-Noticias-dic-806x1024.jpg 806w, https:\/\/clinicaecya.cl\/wp-content\/uploads\/2025\/12\/Las-U\u0301ltimas-Noticias-dic-768x976.jpg 768w, https:\/\/clinicaecya.cl\/wp-content\/uploads\/2025\/12\/Las-U\u0301ltimas-Noticias-dic-1209x1536.jpg 1209w, https:\/\/clinicaecya.cl\/wp-content\/uploads\/2025\/12\/Las-U\u0301ltimas-Noticias-dic-1612x2048.jpg 1612w\" sizes=\"(max-width: 2015px) 100vw, 2015px\" \/>\t\t\t\t\t\t\t\t\t\t\t\t\t\t\t<\/div>\n\t\t\t\t\t<\/div>\n\t\t\t\t<\/div>\n\t\t\t\t<\/div>\n\t\t","protected":false},"excerpt":{"rendered":"<p>Lentes con luces led aten\u00faan las ojeras y patas de gallo M\u00e9dicos eval\u00faan efectividad de estos tratamientos Los lentes LED ayudan a atenuar ojeras y patas de gallo estimulando la piel con luz suave, mejorando textura, luminosidad y aspecto descansado desde la primera sesi\u00f3n hoy!<\/p>\n","protected":false},"author":1,"featured_media":0,"parent":32,"menu_order":2,"comment_status":"closed","ping_status":"closed","template":"elementor_canvas","meta":{"footnotes":""},"class_list":["post-2175","page","type-page","status-publish","hentry"],"_links":{"self":[{"href":"https:\/\/clinicaecya.cl\/index.php\/wp-json\/wp\/v2\/pages\/2175","targetHints":{"allow":["GET"]}}],"collection":[{"href":"https:\/\/clinicaecya.cl\/index.php\/wp-json\/wp\/v2\/pages"}],"about":[{"href":"https:\/\/clinicaecya.cl\/index.php\/wp-json\/wp\/v2\/types\/page"}],"author":[{"embeddable":true,"href":"https:\/\/clinicaecya.cl\/index.php\/wp-json\/wp\/v2\/users\/1"}],"replies":[{"embeddable":true,"href":"https:\/\/clinicaecya.cl\/index.php\/wp-json\/wp\/v2\/comments?post=2175"}],"version-history":[{"count":4,"href":"https:\/\/clinicaecya.cl\/index.php\/wp-json\/wp\/v2\/pages\/2175\/revisions"}],"predecessor-version":[{"id":2180,"href":"https:\/\/clinicaecya.cl\/index.php\/wp-json\/wp\/v2\/pages\/2175\/revisions\/2180"}],"up":[{"embeddable":true,"href":"https:\/\/clinicaecya.cl\/index.php\/wp-json\/wp\/v2\/pages\/32"}],"wp:attachment":[{"href":"https:\/\/clinicaecya.cl\/index.php\/wp-json\/wp\/v2\/media?parent=2175"}],"curies":[{"name":"wp","href":"https:\/\/api.w.org\/{rel}","templated":true}]}}