{"id":2148,"date":"2025-12-02T14:15:23","date_gmt":"2025-12-02T14:15:23","guid":{"rendered":"https:\/\/clinicaecya.cl\/?page_id=2148"},"modified":"2025-12-02T14:24:20","modified_gmt":"2025-12-02T14:24:20","slug":"tratamientos_de_verano","status":"publish","type":"page","link":"https:\/\/clinicaecya.cl\/index.php\/novedades\/tratamientos_de_verano\/","title":{"rendered":"Tratamientos_de_verano"},"content":{"rendered":"\t\t<div data-elementor-type=\"wp-page\" data-elementor-id=\"2148\" class=\"elementor elementor-2148\">\n\t\t\t\t<div class=\"elementor-element elementor-element-a69e836 e-flex e-con-boxed wpr-particle-no wpr-jarallax-no wpr-parallax-no wpr-sticky-section-no e-con e-parent\" data-id=\"a69e836\" data-element_type=\"container\" data-settings=\"{&quot;background_background&quot;:&quot;classic&quot;}\">\n\t\t\t\t\t<div class=\"e-con-inner\">\n\t\t<div class=\"elementor-element elementor-element-9e15684 e-flex e-con-boxed wpr-particle-no wpr-jarallax-no wpr-parallax-no wpr-sticky-section-no e-con e-child\" data-id=\"9e15684\" data-element_type=\"container\">\n\t\t\t\t\t<div class=\"e-con-inner\">\n\t\t\t\t<div class=\"elementor-element elementor-element-7605fa9 elementor-widget__width-initial elementor-widget elementor-widget-heading\" data-id=\"7605fa9\" data-element_type=\"widget\" data-widget_type=\"heading.default\">\n\t\t\t\t\t<h2 class=\"elementor-heading-title elementor-size-default\">Tratamientos de verano<\/h2>\t\t\t\t<\/div>\n\t\t\t\t\t<\/div>\n\t\t\t\t<\/div>\n\t\t\t\t\t<\/div>\n\t\t\t\t<\/div>\n\t\t<div class=\"elementor-element elementor-element-fb8bda9 e-flex e-con-boxed wpr-particle-no wpr-jarallax-no wpr-parallax-no wpr-sticky-section-no elementor-invisible e-con e-parent\" data-id=\"fb8bda9\" data-element_type=\"container\" data-settings=\"{&quot;animation&quot;:&quot;zoomIn&quot;}\">\n\t\t\t\t\t<div class=\"e-con-inner\">\n\t\t\t\t<div class=\"elementor-element elementor-element-745b513 elementor-invisible elementor-widget elementor-widget-heading\" data-id=\"745b513\" data-element_type=\"widget\" data-settings=\"{&quot;_animation&quot;:&quot;fadeInUp&quot;}\" data-widget_type=\"heading.default\">\n\t\t\t\t\t<h2 class=\"elementor-heading-title elementor-size-default\">Tratamientos de verano para rejuvenecer tu piel sin pausa. Opciones seguras, efectivas y compatibles con sol y el calor en Cl\u00ednica Ecya.<\/h2>\t\t\t\t<\/div>\n\t\t\t\t<div class=\"elementor-element elementor-element-d2fa2cb elementor-invisible elementor-widget elementor-widget-text-editor\" data-id=\"d2fa2cb\" data-element_type=\"widget\" data-settings=\"{&quot;_animation&quot;:&quot;fadeInUp&quot;}\" data-widget_type=\"text-editor.default\">\n\t\t\t\t\t\t\t\t\t<p class=\"p1\">En verano tambi\u00e9n es posible realizar tratamientos est\u00e9ticos de forma segura. Existen opciones l\u00e1ser, procedimientos de microagujas y tratamientos inyectables que, con una adecuada evaluaci\u00f3n profesional, pueden adaptarse a pieles expuestas al sol. Estos ayudan a mejorar textura, uniformidad y firmeza tanto en rostro como en cuerpo. Con cuidados b\u00e1sicos como protecci\u00f3n solar y seguimiento de indicaciones, es posible obtener resultados efectivos durante la temporada de calor.<\/p>\t\t\t\t\t\t\t\t<\/div>\n\t\t\t\t\t<\/div>\n\t\t\t\t<\/div>\n\t\t<div class=\"elementor-element elementor-element-fe4090e e-flex e-con-boxed wpr-particle-no wpr-jarallax-no wpr-parallax-no wpr-sticky-section-no e-con e-parent\" data-id=\"fe4090e\" data-element_type=\"container\">\n\t\t\t\t\t<div class=\"e-con-inner\">\n\t\t\t\t<div class=\"elementor-element elementor-element-45d2800 elementor-widget elementor-widget-html\" data-id=\"45d2800\" data-element_type=\"widget\" data-widget_type=\"html.default\">\n\t\t\t\t\t<!-- Contenedor responsive para el flipbook -->\n<div style=\"position:relative;width:100%;padding-bottom:66.66%;height:0;overflow:hidden;\">\n  <iframe\n    src=\"https:\/\/heyzine.com\/flip-book\/493faccd3b.html\"\n    style=\"position:absolute;top:0;left:0;width:100%;height:100%;border:0;\"\n    frameborder=\"0\"\n    allowfullscreen\n    aria-label=\"Flipbook\">\n  <\/iframe>\n<\/div>\n\n<!-- Enlace alternativo (por si el iframe no carga) -->\n\n\t\t\t\t<\/div>\n\t\t\t\t\t<\/div>\n\t\t\t\t<\/div>\n\t\t\t\t<\/div>\n\t\t","protected":false},"excerpt":{"rendered":"<p>Tratamientos de verano Tratamientos de verano para rejuvenecer tu piel sin pausa. Opciones seguras, efectivas y compatibles con sol y el calor en Cl\u00ednica Ecya. En verano tambi\u00e9n es posible realizar tratamientos est\u00e9ticos de forma segura. Existen opciones l\u00e1ser, procedimientos de microagujas y tratamientos inyectables que, con una adecuada evaluaci\u00f3n profesional, pueden adaptarse a pieles expuestas al sol. Estos ayudan a mejorar textura, uniformidad y firmeza tanto en rostro como en cuerpo. Con cuidados b\u00e1sicos como protecci\u00f3n solar y seguimiento de indicaciones, es posible obtener resultados efectivos durante la temporada de calor.<\/p>\n","protected":false},"author":1,"featured_media":0,"parent":32,"menu_order":2,"comment_status":"closed","ping_status":"closed","template":"elementor_canvas","meta":{"footnotes":""},"class_list":["post-2148","page","type-page","status-publish","hentry"],"_links":{"self":[{"href":"https:\/\/clinicaecya.cl\/index.php\/wp-json\/wp\/v2\/pages\/2148","targetHints":{"allow":["GET"]}}],"collection":[{"href":"https:\/\/clinicaecya.cl\/index.php\/wp-json\/wp\/v2\/pages"}],"about":[{"href":"https:\/\/clinicaecya.cl\/index.php\/wp-json\/wp\/v2\/types\/page"}],"author":[{"embeddable":true,"href":"https:\/\/clinicaecya.cl\/index.php\/wp-json\/wp\/v2\/users\/1"}],"replies":[{"embeddable":true,"href":"https:\/\/clinicaecya.cl\/index.php\/wp-json\/wp\/v2\/comments?post=2148"}],"version-history":[{"count":7,"href":"https:\/\/clinicaecya.cl\/index.php\/wp-json\/wp\/v2\/pages\/2148\/revisions"}],"predecessor-version":[{"id":2156,"href":"https:\/\/clinicaecya.cl\/index.php\/wp-json\/wp\/v2\/pages\/2148\/revisions\/2156"}],"up":[{"embeddable":true,"href":"https:\/\/clinicaecya.cl\/index.php\/wp-json\/wp\/v2\/pages\/32"}],"wp:attachment":[{"href":"https:\/\/clinicaecya.cl\/index.php\/wp-json\/wp\/v2\/media?parent=2148"}],"curies":[{"name":"wp","href":"https:\/\/api.w.org\/{rel}","templated":true}]}}