{"id":10,"date":"2024-05-01T19:17:46","date_gmt":"2024-05-01T19:17:46","guid":{"rendered":"https:\/\/demosites.royal-elementor-addons.com\/nail-salon-v1\/?page_id=10"},"modified":"2025-09-17T18:19:31","modified_gmt":"2025-09-17T18:19:31","slug":"acerca-de","status":"publish","type":"page","link":"https:\/\/clinicaecya.cl\/index.php\/acerca-de\/","title":{"rendered":"Acerca de"},"content":{"rendered":"\t\t<div data-elementor-type=\"wp-page\" data-elementor-id=\"10\" class=\"elementor elementor-10\">\n\t\t\t\t<div class=\"elementor-element elementor-element-388ee87 e-flex e-con-boxed wpr-particle-no wpr-jarallax-no wpr-parallax-no wpr-sticky-section-no e-con e-parent\" data-id=\"388ee87\" data-element_type=\"container\" data-settings=\"{&quot;background_background&quot;:&quot;classic&quot;}\">\n\t\t\t\t\t<div class=\"e-con-inner\">\n\t\t<div class=\"elementor-element elementor-element-566b5dd e-flex e-con-boxed wpr-particle-no wpr-jarallax-no wpr-parallax-no wpr-sticky-section-no e-con e-child\" data-id=\"566b5dd\" data-element_type=\"container\">\n\t\t\t\t\t<div class=\"e-con-inner\">\n\t\t\t\t<div class=\"elementor-element elementor-element-4cb41c8 elementor-widget__width-initial elementor-widget elementor-widget-heading\" data-id=\"4cb41c8\" data-element_type=\"widget\" data-widget_type=\"heading.default\">\n\t\t\t\t\t<h2 class=\"elementor-heading-title elementor-size-default\">Clinica Ecya<\/h2>\t\t\t\t<\/div>\n\t\t\t\t\t<\/div>\n\t\t\t\t<\/div>\n\t\t\t\t\t<\/div>\n\t\t\t\t<\/div>\n\t\t<div class=\"elementor-element elementor-element-356158e e-flex e-con-boxed wpr-particle-no wpr-jarallax-no wpr-parallax-no wpr-sticky-section-no e-con e-parent\" data-id=\"356158e\" data-element_type=\"container\">\n\t\t\t\t\t<div class=\"e-con-inner\">\n\t\t<div class=\"elementor-element elementor-element-0644a9a e-con-full e-flex wpr-particle-no wpr-jarallax-no wpr-parallax-no wpr-sticky-section-no elementor-invisible e-con e-child\" data-id=\"0644a9a\" data-element_type=\"container\" data-settings=\"{&quot;animation&quot;:&quot;slideInLeft&quot;}\">\n\t\t\t\t<div class=\"elementor-element elementor-element-0d18fa7 elementor-invisible elementor-widget elementor-widget-heading\" data-id=\"0d18fa7\" data-element_type=\"widget\" data-settings=\"{&quot;_animation&quot;:&quot;zoomIn&quot;}\" data-widget_type=\"heading.default\">\n\t\t\t\t\t<h2 class=\"elementor-heading-title elementor-size-default\">Cl\u00ednica Ecya<\/h2>\t\t\t\t<\/div>\n\t\t\t\t<div class=\"elementor-element elementor-element-170d003 elementor-invisible elementor-widget elementor-widget-heading\" data-id=\"170d003\" data-element_type=\"widget\" data-settings=\"{&quot;_animation&quot;:&quot;fadeInUp&quot;}\" data-widget_type=\"heading.default\">\n\t\t\t\t\t<h2 class=\"elementor-heading-title elementor-size-default\">Belleza natural, confianza y bienestar<\/h2>\t\t\t\t<\/div>\n\t\t\t\t<div class=\"elementor-element elementor-element-a116c82 elementor-widget elementor-widget-text-editor\" data-id=\"a116c82\" data-element_type=\"widget\" data-widget_type=\"text-editor.default\">\n\t\t\t\t\t\t\t\t\t<p>Bienvenid@ a la cl\u00ednica de la <strong data-start=\"120\" data-end=\"142\">Dra. Marcela Cerda<\/strong>, donde tu bienestar y confianza son nuestra prioridad. Creemos que la est\u00e9tica va m\u00e1s all\u00e1 de la apariencia: es sentirte segur@, c\u00f3mod@ y feliz contigo mism@. Ofrecemos tratamientos personalizados con tecnolog\u00eda de vanguardia, siempre enfocados en resaltar tu belleza natural. Queremos que disfrutes un espacio cercano, profesional y c\u00e1lido, dise\u00f1ado para cuidar de ti y realzar lo mejor de tu esencia.<\/p>\t\t\t\t\t\t\t\t<\/div>\n\t\t\t\t<div class=\"elementor-element elementor-element-5eea6dc elementor-invisible elementor-widget elementor-widget-image\" data-id=\"5eea6dc\" data-element_type=\"widget\" data-settings=\"{&quot;_animation&quot;:&quot;fadeInUp&quot;}\" data-widget_type=\"image.default\">\n\t\t\t\t\t\t\t\t\t\t\t\t\t\t\t<img decoding=\"async\" width=\"421\" height=\"111\" src=\"https:\/\/clinicaecya.cl\/wp-content\/uploads\/2025\/09\/firma-1.jpg\" class=\"attachment-full size-full wp-image-1238\" alt=\"\" srcset=\"https:\/\/clinicaecya.cl\/wp-content\/uploads\/2025\/09\/firma-1.jpg 421w, https:\/\/clinicaecya.cl\/wp-content\/uploads\/2025\/09\/firma-1-300x79.jpg 300w\" sizes=\"(max-width: 421px) 100vw, 421px\" \/>\t\t\t\t\t\t\t\t\t\t\t\t\t\t\t<\/div>\n\t\t\t\t<\/div>\n\t\t<div class=\"elementor-element elementor-element-2de4e1a e-con-full e-flex wpr-particle-no wpr-jarallax-no wpr-parallax-no wpr-sticky-section-no elementor-invisible e-con e-child\" data-id=\"2de4e1a\" data-element_type=\"container\" data-settings=\"{&quot;animation&quot;:&quot;slideInRight&quot;}\">\n\t\t\t\t<div class=\"elementor-element elementor-element-c3e2704 elementor-widget elementor-widget-image\" data-id=\"c3e2704\" data-element_type=\"widget\" data-widget_type=\"image.default\">\n\t\t\t\t\t\t\t\t\t\t\t\t\t\t\t<img fetchpriority=\"high\" decoding=\"async\" width=\"865\" height=\"1000\" src=\"https:\/\/clinicaecya.cl\/wp-content\/uploads\/2025\/09\/Dra_Marcela-1.png\" class=\"attachment-full size-full wp-image-1252\" alt=\"\" srcset=\"https:\/\/clinicaecya.cl\/wp-content\/uploads\/2025\/09\/Dra_Marcela-1.png 865w, https:\/\/clinicaecya.cl\/wp-content\/uploads\/2025\/09\/Dra_Marcela-1-260x300.png 260w, https:\/\/clinicaecya.cl\/wp-content\/uploads\/2025\/09\/Dra_Marcela-1-768x888.png 768w\" sizes=\"(max-width: 865px) 100vw, 865px\" \/>\t\t\t\t\t\t\t\t\t\t\t\t\t\t\t<\/div>\n\t\t\t\t<\/div>\n\t\t\t\t\t<\/div>\n\t\t\t\t<\/div>\n\t\t<div class=\"elementor-element elementor-element-bb17d82 e-flex e-con-boxed wpr-particle-no wpr-jarallax-no wpr-parallax-no wpr-sticky-section-no elementor-invisible e-con e-parent\" data-id=\"bb17d82\" data-element_type=\"container\" data-settings=\"{&quot;background_background&quot;:&quot;classic&quot;,&quot;animation&quot;:&quot;fadeInUp&quot;}\">\n\t\t\t\t\t<div class=\"e-con-inner\">\n\t\t<div class=\"elementor-element elementor-element-2edbc3f e-flex e-con-boxed wpr-particle-no wpr-jarallax-no wpr-parallax-no wpr-sticky-section-no elementor-invisible e-con e-child\" data-id=\"2edbc3f\" data-element_type=\"container\" data-settings=\"{&quot;animation&quot;:&quot;fadeIn&quot;}\">\n\t\t\t\t\t<div class=\"e-con-inner\">\n\t\t\t\t<div class=\"elementor-element elementor-element-0b91122 elementor-invisible elementor-widget elementor-widget-heading\" data-id=\"0b91122\" data-element_type=\"widget\" data-settings=\"{&quot;_animation&quot;:&quot;fadeInUp&quot;}\" data-widget_type=\"heading.default\">\n\t\t\t\t\t<h2 class=\"elementor-heading-title elementor-size-default\">Nuestro Compromiso<\/h2>\t\t\t\t<\/div>\n\t\t\t\t<div class=\"elementor-element elementor-element-78b99d9 elementor-invisible elementor-widget elementor-widget-heading\" data-id=\"78b99d9\" data-element_type=\"widget\" data-settings=\"{&quot;_animation&quot;:&quot;fadeInUp&quot;}\" data-widget_type=\"heading.default\">\n\t\t\t\t\t<h2 class=\"elementor-heading-title elementor-size-default\">Ciencia y salud para realzar tu belleza natural<\/h2>\t\t\t\t<\/div>\n\t\t\t\t<div class=\"elementor-element elementor-element-3f9c0b0 elementor-invisible elementor-widget elementor-widget-text-editor\" data-id=\"3f9c0b0\" data-element_type=\"widget\" data-settings=\"{&quot;_animation&quot;:&quot;fadeInUp&quot;}\" data-widget_type=\"text-editor.default\">\n\t\t\t\t\t\t\t\t\t<p>En Cl\u00ednica Ecya creemos que la verdadera belleza surge del equilibrio entre ciencia, salud y bienestar. Nuestros tratamientos est\u00e9ticos combinan innovaci\u00f3n m\u00e9dica con un enfoque personalizado, pensado para realzar tu belleza natural sin perder tu esencia. Con tecnolog\u00eda avanzada y la experiencia de la Dra. Marcela Cerda, te acompa\u00f1amos a sentirte m\u00e1s segura, radiante y en armon\u00eda contigo misma.<\/p>\t\t\t\t\t\t\t\t<\/div>\n\t\t\t\t<div class=\"elementor-element elementor-element-01b515d wpr-list-style-none elementor-invisible elementor-widget elementor-widget-wpr-posts-timeline\" data-id=\"01b515d\" data-element_type=\"widget\" data-settings=\"{&quot;_animation&quot;:&quot;fadeInUp&quot;,&quot;swiper_speed&quot;:500}\" data-widget_type=\"wpr-posts-timeline.default\">\n\t\t\t\t\t<div class=\"wpr-timeline-outer-container\"><div class=\"wpr-wrapper swiper wpr-horizontal-bottom\" dir=\"\" data-slidestoshow = \"3\" data-autoplay=\"\" data-loop=\"\" data-swiper-speed=\"500\" data-swiper-delay=\"0\" data-swiper-poh=\"\" data-swiper-space-between=\"5\"><div class=\"swiper-wrapper wpr-horizontal-bottom-timeline\"><div class=\"swiper-slide swiper-slide-line-top no elementor-repeater-item-0163cf9\"><div class=\"wpr-main-line-icon wpr-icon\"><\/div><div class=\"wpr-story-info \"><div class=\"wpr-animation-wrap wpr-timeline-media\"><img decoding=\"async\" width=\"500\" height=\"214\" src=\"https:\/\/clinicaecya.cl\/wp-content\/uploads\/2025\/09\/Brand-5.png\" class=\"attachment-full size-full\" alt=\"\" srcset=\"https:\/\/clinicaecya.cl\/wp-content\/uploads\/2025\/09\/Brand-5.png 500w, https:\/\/clinicaecya.cl\/wp-content\/uploads\/2025\/09\/Brand-5-300x128.png 300w\" sizes=\"(max-width: 500px) 100vw, 500px\" \/><\/div><div class=\"wpr-timeline-content-wrapper\"><p class=\"wpr-title-wrap\"><span  class=\"wpr-title\">Atenci\u00f3n personalizada<\/span><\/p><div class=\"wpr-description\"><p>Escuchamos tus necesidades y dise\u00f1amos tratamientos \u00fanicos que realzan tu belleza.<\/p><\/div><\/div><\/div><\/div><div class=\"swiper-slide swiper-slide-line-top no elementor-repeater-item-0c288e6\"><div class=\"wpr-main-line-icon wpr-icon\"><\/div><div class=\"wpr-story-info \"><div class=\"wpr-animation-wrap wpr-timeline-media\"><img loading=\"lazy\" decoding=\"async\" width=\"500\" height=\"214\" src=\"https:\/\/clinicaecya.cl\/wp-content\/uploads\/2025\/09\/Brand-4.png\" class=\"attachment-full size-full\" alt=\"\" srcset=\"https:\/\/clinicaecya.cl\/wp-content\/uploads\/2025\/09\/Brand-4.png 500w, https:\/\/clinicaecya.cl\/wp-content\/uploads\/2025\/09\/Brand-4-300x128.png 300w\" sizes=\"(max-width: 500px) 100vw, 500px\" \/><\/div><div class=\"wpr-timeline-content-wrapper\"><p class=\"wpr-title-wrap\"><span  class=\"wpr-title\">Tecnolog\u00eda de alta gama<\/span><\/p><div class=\"wpr-description\"><p>Equipos innovadores que garantizan siempre resultados seguros, eficaces y m\u00ednimamente invasivos.\u00a0<\/p><\/div><\/div><\/div><\/div><div class=\"swiper-slide swiper-slide-line-top no elementor-repeater-item-e85dedb\"><div class=\"wpr-main-line-icon wpr-icon\"><\/div><div class=\"wpr-story-info \"><div class=\"wpr-animation-wrap wpr-timeline-media\"><img loading=\"lazy\" decoding=\"async\" width=\"500\" height=\"214\" src=\"https:\/\/clinicaecya.cl\/wp-content\/uploads\/2025\/09\/Brand-6.png\" class=\"attachment-full size-full\" alt=\"\" srcset=\"https:\/\/clinicaecya.cl\/wp-content\/uploads\/2025\/09\/Brand-6.png 500w, https:\/\/clinicaecya.cl\/wp-content\/uploads\/2025\/09\/Brand-6-300x128.png 300w\" sizes=\"(max-width: 500px) 100vw, 500px\" \/><\/div><div class=\"wpr-timeline-content-wrapper\"><p class=\"wpr-title-wrap\"><span  class=\"wpr-title\">Innovaci\u00f3n constante<\/span><\/p><div class=\"wpr-description\"><p>Actualizamos nuestros m\u00e9todos y tratamientos para ofrecer resultados vanguardistas y efectivos.<\/p><\/div><\/div><\/div><\/div><div class=\"swiper-slide swiper-slide-line-top no elementor-repeater-item-bec038b\"><div class=\"wpr-main-line-icon wpr-icon\"><\/div><div class=\"wpr-story-info \"><div class=\"wpr-animation-wrap wpr-timeline-media\"><img loading=\"lazy\" decoding=\"async\" width=\"500\" height=\"214\" src=\"https:\/\/clinicaecya.cl\/wp-content\/uploads\/2025\/09\/Brand-7.jpg\" class=\"attachment-full size-full\" alt=\"\" srcset=\"https:\/\/clinicaecya.cl\/wp-content\/uploads\/2025\/09\/Brand-7.jpg 500w, https:\/\/clinicaecya.cl\/wp-content\/uploads\/2025\/09\/Brand-7-300x128.jpg 300w\" sizes=\"(max-width: 500px) 100vw, 500px\" \/><\/div><div class=\"wpr-timeline-content-wrapper\"><p class=\"wpr-title-wrap\"><span  class=\"wpr-title\">Seguimiento m\u00e9dico<\/span><\/p><div class=\"wpr-description\"><p>Acompa\u00f1amos cada tratamiento con controles, asegurando seguridad, resultados \u00f3ptimos y confianza.<\/p><\/div><\/div><\/div><\/div><\/div>\n\t\t\t<!-- Add Pagination -->        \n\t\t\t<div class=\"wpr-swiper-pagination\"><\/div>\n\t\t\t<!-- Add Arrows -->\n\t\t\t<div class=\"wpr-button-prev wpr-timeline-prev-arrow wpr-timeline-prev-01b515d\">\n\t\t\t\t<svg version=\"1.1\" xmlns=\"http:\/\/www.w3.org\/2000\/svg\" xmlns:xlink=\"http:\/\/www.w3.org\/1999\/xlink\" x=\"0px\" y=\"0px\" viewBox=\"0 0 283.4 512\" style=\"enable-background:new 0 0 283.4 512;\" xml:space=\"preserve\"><g><polygon class=\"st0\" points=\"54.5,256.3 283.4,485.1 256.1,512.5 0,256.3 0,256.3 27.2,229 256.1,0 283.4,27.4 \"\/><\/g><\/svg>\n\t\t\t<\/div>\n\t\t\t<div class=\"wpr-button-next wpr-timeline-next-arrow wpr-timeline-next-01b515d\">\n\t\t\t\t<svg version=\"1.1\" xmlns=\"http:\/\/www.w3.org\/2000\/svg\" xmlns:xlink=\"http:\/\/www.w3.org\/1999\/xlink\" x=\"0px\" y=\"0px\" viewBox=\"0 0 283.4 512\" style=\"enable-background:new 0 0 283.4 512;\" xml:space=\"preserve\"><g><polygon class=\"st0\" points=\"54.5,256.3 283.4,485.1 256.1,512.5 0,256.3 0,256.3 27.2,229 256.1,0 283.4,27.4 \"\/><\/g><\/svg>\n\t\t\t<\/div>\n\t\t<\/div><\/div>\t\t\t\t<\/div>\n\t\t\t\t\t<\/div>\n\t\t\t\t<\/div>\n\t\t\t\t\t<\/div>\n\t\t\t\t<\/div>\n\t\t<div class=\"elementor-element elementor-element-3871e69 e-flex e-con-boxed wpr-particle-no wpr-jarallax-no wpr-parallax-no wpr-sticky-section-no e-con e-parent\" data-id=\"3871e69\" data-element_type=\"container\">\n\t\t\t\t\t<div class=\"e-con-inner\">\n\t\t<div class=\"elementor-element elementor-element-c02e7ee e-flex e-con-boxed wpr-particle-no wpr-jarallax-no wpr-parallax-no wpr-sticky-section-no elementor-invisible e-con e-child\" data-id=\"c02e7ee\" data-element_type=\"container\" data-settings=\"{&quot;animation&quot;:&quot;slideInLeft&quot;}\">\n\t\t\t\t\t<div class=\"e-con-inner\">\n\t\t\t\t<div class=\"elementor-element elementor-element-6468873 elementor-widget elementor-widget-heading\" data-id=\"6468873\" data-element_type=\"widget\" data-widget_type=\"heading.default\">\n\t\t\t\t\t<h2 class=\"elementor-heading-title elementor-size-default\">Nuestros Valores<\/h2>\t\t\t\t<\/div>\n\t\t\t\t<div class=\"elementor-element elementor-element-46a425c elementor-widget elementor-widget-heading\" data-id=\"46a425c\" data-element_type=\"widget\" data-widget_type=\"heading.default\">\n\t\t\t\t\t<h2 class=\"elementor-heading-title elementor-size-default\">Nuestros principios y compromisos<\/h2>\t\t\t\t<\/div>\n\t\t\t\t<div class=\"elementor-element elementor-element-8a42830 elementor-widget elementor-widget-text-editor\" data-id=\"8a42830\" data-element_type=\"widget\" data-widget_type=\"text-editor.default\">\n\t\t\t\t\t\t\t\t\t<p>En <strong data-start=\"79\" data-end=\"95\">Cl\u00ednica Ecya<\/strong> nos guiamos por cuidado personalizado, innovaci\u00f3n, seguridad y resultados naturales, acompa\u00f1ando a cada paciente con profesionalismo, cercan\u00eda y compromiso con su bienestar.<\/p>\t\t\t\t\t\t\t\t<\/div>\n\t\t\t\t<div class=\"elementor-element elementor-element-a64f351 wpr-feature-list-rhombus wpr-feature-list-left wpr-feature-list-line-yes elementor-widget elementor-widget-wpr-feature-list\" data-id=\"a64f351\" data-element_type=\"widget\" data-widget_type=\"wpr-feature-list.default\">\n\t\t\t\t\t<div class=\"wpr-feature-list-wrap\"><ul class=\"wpr-feature-list\"><li class=\"wpr-feature-list-item elementor-repeater-item-891a39b\"><div class=\"wpr-feature-list-icon-wrap\"><span class=\"wpr-feature-list-line\"><\/span><div class=\"wpr-feature-list-icon-inner-wrap\"><svg aria-hidden=\"true\" class=\"e-font-icon-svg e-fas-users\" viewBox=\"0 0 640 512\" xmlns=\"http:\/\/www.w3.org\/2000\/svg\"><path d=\"M96 224c35.3 0 64-28.7 64-64s-28.7-64-64-64-64 28.7-64 64 28.7 64 64 64zm448 0c35.3 0 64-28.7 64-64s-28.7-64-64-64-64 28.7-64 64 28.7 64 64 64zm32 32h-64c-17.6 0-33.5 7.1-45.1 18.6 40.3 22.1 68.9 62 75.1 109.4h66c17.7 0 32-14.3 32-32v-32c0-35.3-28.7-64-64-64zm-256 0c61.9 0 112-50.1 112-112S381.9 32 320 32 208 82.1 208 144s50.1 112 112 112zm76.8 32h-8.3c-20.8 10-43.9 16-68.5 16s-47.6-6-68.5-16h-8.3C179.6 288 128 339.6 128 403.2V432c0 26.5 21.5 48 48 48h288c26.5 0 48-21.5 48-48v-28.8c0-63.6-51.6-115.2-115.2-115.2zm-223.7-13.4C161.5 263.1 145.6 256 128 256H64c-35.3 0-64 28.7-64 64v32c0 17.7 14.3 32 32 32h65.9c6.3-47.4 34.9-87.3 75.2-109.4z\"><\/path><\/svg><\/div><\/div><div class=\"wpr-feature-list-content-wrap\"><h2 class=\"wpr-feature-list-title\"><a class=\"wpr-feature-list-url\" target=\"_blank\" rel=\"nofollow\">Excelencia y \u00c9tica<\/a><\/h2><p class=\"wpr-feature-list-description\">Compromiso con la calidad, \u00e9tica profesional y satisfacci\u00f3n del paciente.<\/p><\/div><\/li><li class=\"wpr-feature-list-item elementor-repeater-item-a6fbd71\"><div class=\"wpr-feature-list-icon-wrap\"><span class=\"wpr-feature-list-line\"><\/span><div class=\"wpr-feature-list-icon-inner-wrap\"><svg aria-hidden=\"true\" class=\"e-font-icon-svg e-fas-boxes\" viewBox=\"0 0 576 512\" xmlns=\"http:\/\/www.w3.org\/2000\/svg\"><path d=\"M560 288h-80v96l-32-21.3-32 21.3v-96h-80c-8.8 0-16 7.2-16 16v192c0 8.8 7.2 16 16 16h224c8.8 0 16-7.2 16-16V304c0-8.8-7.2-16-16-16zm-384-64h224c8.8 0 16-7.2 16-16V16c0-8.8-7.2-16-16-16h-80v96l-32-21.3L256 96V0h-80c-8.8 0-16 7.2-16 16v192c0 8.8 7.2 16 16 16zm64 64h-80v96l-32-21.3L96 384v-96H16c-8.8 0-16 7.2-16 16v192c0 8.8 7.2 16 16 16h224c8.8 0 16-7.2 16-16V304c0-8.8-7.2-16-16-16z\"><\/path><\/svg><\/div><\/div><div class=\"wpr-feature-list-content-wrap\"><h2 class=\"wpr-feature-list-title\"><a class=\"wpr-feature-list-url\" target=\"_blank\" rel=\"nofollow\">Seguridad y Confianza<\/a><\/h2><p class=\"wpr-feature-list-description\">Prioridad absoluta en procedimientos seguros y acompa\u00f1amiento profesional constante.<\/p><\/div><\/li><li class=\"wpr-feature-list-item elementor-repeater-item-cf7dc5c\"><div class=\"wpr-feature-list-icon-wrap\"><span class=\"wpr-feature-list-line\"><\/span><div class=\"wpr-feature-list-icon-inner-wrap\"><svg aria-hidden=\"true\" class=\"e-font-icon-svg e-fas-shield-alt\" viewBox=\"0 0 512 512\" xmlns=\"http:\/\/www.w3.org\/2000\/svg\"><path d=\"M466.5 83.7l-192-80a48.15 48.15 0 0 0-36.9 0l-192 80C27.7 91.1 16 108.6 16 128c0 198.5 114.5 335.7 221.5 380.3 11.8 4.9 25.1 4.9 36.9 0C360.1 472.6 496 349.3 496 128c0-19.4-11.7-36.9-29.5-44.3zM256.1 446.3l-.1-381 175.9 73.3c-3.3 151.4-82.1 261.1-175.8 307.7z\"><\/path><\/svg><\/div><\/div><div class=\"wpr-feature-list-content-wrap\"><h2 class=\"wpr-feature-list-title\"><a class=\"wpr-feature-list-url\" target=\"_blank\" rel=\"nofollow\">Empat\u00eda y Cercan\u00eda<\/a><\/h2><p class=\"wpr-feature-list-description\">Acompa\u00f1amos a cada paciente con calidez, escucha activa y comprensi\u00f3n.<\/p><\/div><\/li><li class=\"wpr-feature-list-item elementor-repeater-item-3035a6b\"><div class=\"wpr-feature-list-icon-wrap\"><span class=\"wpr-feature-list-line\"><\/span><div class=\"wpr-feature-list-icon-inner-wrap\"><svg aria-hidden=\"true\" class=\"e-font-icon-svg e-fas-pencil-alt\" viewBox=\"0 0 512 512\" xmlns=\"http:\/\/www.w3.org\/2000\/svg\"><path d=\"M497.9 142.1l-46.1 46.1c-4.7 4.7-12.3 4.7-17 0l-111-111c-4.7-4.7-4.7-12.3 0-17l46.1-46.1c18.7-18.7 49.1-18.7 67.9 0l60.1 60.1c18.8 18.7 18.8 49.1 0 67.9zM284.2 99.8L21.6 362.4.4 483.9c-2.9 16.4 11.4 30.6 27.8 27.8l121.5-21.3 262.6-262.6c4.7-4.7 4.7-12.3 0-17l-111-111c-4.8-4.7-12.4-4.7-17.1 0zM124.1 339.9c-5.5-5.5-5.5-14.3 0-19.8l154-154c5.5-5.5 14.3-5.5 19.8 0s5.5 14.3 0 19.8l-154 154c-5.5 5.5-14.3 5.5-19.8 0zM88 424h48v36.3l-64.5 11.3-31.1-31.1L51.7 376H88v48z\"><\/path><\/svg><\/div><\/div><div class=\"wpr-feature-list-content-wrap\"><h2 class=\"wpr-feature-list-title\"><a class=\"wpr-feature-list-url\" target=\"_blank\" rel=\"nofollow\">Bienestar Integral<\/a><\/h2><p class=\"wpr-feature-list-description\">Fomentamos la armon\u00eda entre est\u00e9tica, salud y autoestima.<\/p><\/div><\/li><\/ul><\/div>\t\t\t\t<\/div>\n\t\t\t\t\t<\/div>\n\t\t\t\t<\/div>\n\t\t<div class=\"elementor-element elementor-element-5c10284 e-flex e-con-boxed wpr-particle-no wpr-jarallax-no wpr-parallax-no wpr-sticky-section-no elementor-invisible e-con e-child\" data-id=\"5c10284\" data-element_type=\"container\" data-settings=\"{&quot;animation&quot;:&quot;slideInRight&quot;}\">\n\t\t\t\t\t<div class=\"e-con-inner\">\n\t\t\t\t<div class=\"elementor-element elementor-element-c651c0d elementor-widget elementor-widget-image\" data-id=\"c651c0d\" data-element_type=\"widget\" data-widget_type=\"image.default\">\n\t\t\t\t\t\t\t\t\t\t\t\t\t\t\t<img loading=\"lazy\" decoding=\"async\" width=\"551\" height=\"700\" src=\"https:\/\/clinicaecya.cl\/wp-content\/uploads\/2025\/09\/pic-8-1.png\" class=\"attachment-large size-large wp-image-1304\" alt=\"\" srcset=\"https:\/\/clinicaecya.cl\/wp-content\/uploads\/2025\/09\/pic-8-1.png 551w, https:\/\/clinicaecya.cl\/wp-content\/uploads\/2025\/09\/pic-8-1-236x300.png 236w\" sizes=\"(max-width: 551px) 100vw, 551px\" \/>\t\t\t\t\t\t\t\t\t\t\t\t\t\t\t<\/div>\n\t\t\t\t\t<\/div>\n\t\t\t\t<\/div>\n\t\t\t\t\t<\/div>\n\t\t\t\t<\/div>\n\t\t\t\t<\/div>\n\t\t","protected":false},"excerpt":{"rendered":"<p>Clinica Ecya Cl\u00ednica Ecya Belleza natural, confianza y bienestar Bienvenid@ a la cl\u00ednica de la Dra. Marcela Cerda, donde tu bienestar y confianza son nuestra prioridad. Creemos que la est\u00e9tica va m\u00e1s all\u00e1 de la apariencia: es sentirte segur@, c\u00f3mod@ y feliz contigo mism@. Ofrecemos tratamientos personalizados con tecnolog\u00eda de vanguardia, siempre enfocados en resaltar tu belleza natural. Queremos que disfrutes un espacio cercano, profesional y c\u00e1lido, dise\u00f1ado para cuidar de ti y realzar lo mejor de tu esencia. Nuestro Compromiso Ciencia y salud para realzar tu belleza natural En Cl\u00ednica Ecya creemos que la verdadera belleza surge del equilibrio entre ciencia, salud y bienestar. Nuestros tratamientos est\u00e9ticos combinan innovaci\u00f3n m\u00e9dica con un enfoque personalizado, pensado para realzar tu belleza natural sin perder tu esencia. Con tecnolog\u00eda avanzada y la experiencia de la Dra. Marcela Cerda, te acompa\u00f1amos a sentirte m\u00e1s segura, radiante y en armon\u00eda contigo misma. Atenci\u00f3n personalizada Escuchamos tus necesidades y dise\u00f1amos tratamientos \u00fanicos que realzan tu belleza. Tecnolog\u00eda de alta gama Equipos innovadores que garantizan siempre resultados seguros, eficaces y m\u00ednimamente invasivos.\u00a0 Innovaci\u00f3n constante Actualizamos nuestros m\u00e9todos y tratamientos para ofrecer resultados vanguardistas y efectivos. Seguimiento m\u00e9dico Acompa\u00f1amos cada tratamiento con controles, asegurando seguridad, resultados \u00f3ptimos y confianza. Nuestros Valores Nuestros principios y compromisos En Cl\u00ednica Ecya nos guiamos por cuidado personalizado, innovaci\u00f3n, seguridad y resultados naturales, acompa\u00f1ando a cada paciente con profesionalismo, cercan\u00eda y compromiso con su bienestar. Excelencia y \u00c9tica Compromiso con la calidad, \u00e9tica profesional y satisfacci\u00f3n del paciente. Seguridad y Confianza Prioridad absoluta en procedimientos seguros y acompa\u00f1amiento profesional constante. Empat\u00eda y Cercan\u00eda Acompa\u00f1amos a cada paciente con calidez, escucha activa y comprensi\u00f3n. Bienestar Integral Fomentamos la armon\u00eda entre est\u00e9tica, salud y autoestima.<\/p>\n","protected":false},"author":1,"featured_media":0,"parent":0,"menu_order":0,"comment_status":"closed","ping_status":"closed","template":"elementor_canvas","meta":{"footnotes":""},"class_list":["post-10","page","type-page","status-publish","hentry"],"_links":{"self":[{"href":"https:\/\/clinicaecya.cl\/index.php\/wp-json\/wp\/v2\/pages\/10","targetHints":{"allow":["GET"]}}],"collection":[{"href":"https:\/\/clinicaecya.cl\/index.php\/wp-json\/wp\/v2\/pages"}],"about":[{"href":"https:\/\/clinicaecya.cl\/index.php\/wp-json\/wp\/v2\/types\/page"}],"author":[{"embeddable":true,"href":"https:\/\/clinicaecya.cl\/index.php\/wp-json\/wp\/v2\/users\/1"}],"replies":[{"embeddable":true,"href":"https:\/\/clinicaecya.cl\/index.php\/wp-json\/wp\/v2\/comments?post=10"}],"version-history":[{"count":58,"href":"https:\/\/clinicaecya.cl\/index.php\/wp-json\/wp\/v2\/pages\/10\/revisions"}],"predecessor-version":[{"id":1313,"href":"https:\/\/clinicaecya.cl\/index.php\/wp-json\/wp\/v2\/pages\/10\/revisions\/1313"}],"wp:attachment":[{"href":"https:\/\/clinicaecya.cl\/index.php\/wp-json\/wp\/v2\/media?parent=10"}],"curies":[{"name":"wp","href":"https:\/\/api.w.org\/{rel}","templated":true}]}}